{"id":133,"date":"2024-03-17T18:50:50","date_gmt":"2024-03-17T18:50:50","guid":{"rendered":"https:\/\/vector-design.ro\/?page_id=133"},"modified":"2024-03-30T00:58:03","modified_gmt":"2024-03-30T00:58:03","slug":"shop","status":"publish","type":"page","link":"https:\/\/vector-design.ro\/?page_id=133","title":{"rendered":"Shop"},"content":{"rendered":"\t\t<div data-elementor-type=\"wp-page\" data-elementor-id=\"133\" class=\"elementor elementor-133\">\n\t\t\t\t\t\t<section class=\"elementor-section elementor-top-section elementor-element elementor-element-f99dbe2 elementor-section-full_width elementor-section-content-middle she-header-yes she-header-transparent-yes elementor-section-height-default elementor-section-height-default\" data-id=\"f99dbe2\" data-element_type=\"section\" data-settings=\"{&quot;background_background&quot;:&quot;classic&quot;,&quot;transparent&quot;:&quot;yes&quot;,&quot;scroll_distance&quot;:{&quot;unit&quot;:&quot;px&quot;,&quot;size&quot;:135,&quot;sizes&quot;:[]},&quot;transparent_header_show&quot;:&quot;yes&quot;,&quot;background_show&quot;:&quot;yes&quot;,&quot;background&quot;:&quot;#0D0D0DC7&quot;,&quot;transparent_on&quot;:[&quot;desktop&quot;,&quot;tablet&quot;,&quot;mobile&quot;],&quot;scroll_distance_tablet&quot;:{&quot;unit&quot;:&quot;px&quot;,&quot;size&quot;:&quot;&quot;,&quot;sizes&quot;:[]},&quot;scroll_distance_mobile&quot;:{&quot;unit&quot;:&quot;px&quot;,&quot;size&quot;:&quot;&quot;,&quot;sizes&quot;:[]},&quot;she_offset_top&quot;:{&quot;unit&quot;:&quot;px&quot;,&quot;size&quot;:0,&quot;sizes&quot;:[]},&quot;she_offset_top_tablet&quot;:{&quot;unit&quot;:&quot;px&quot;,&quot;size&quot;:&quot;&quot;,&quot;sizes&quot;:[]},&quot;she_offset_top_mobile&quot;:{&quot;unit&quot;:&quot;px&quot;,&quot;size&quot;:&quot;&quot;,&quot;sizes&quot;:[]},&quot;she_width&quot;:{&quot;unit&quot;:&quot;%&quot;,&quot;size&quot;:100,&quot;sizes&quot;:[]},&quot;she_width_tablet&quot;:{&quot;unit&quot;:&quot;px&quot;,&quot;size&quot;:&quot;&quot;,&quot;sizes&quot;:[]},&quot;she_width_mobile&quot;:{&quot;unit&quot;:&quot;px&quot;,&quot;size&quot;:&quot;&quot;,&quot;sizes&quot;:[]},&quot;she_padding&quot;:{&quot;unit&quot;:&quot;px&quot;,&quot;top&quot;:0,&quot;right&quot;:&quot;&quot;,&quot;bottom&quot;:0,&quot;left&quot;:&quot;&quot;,&quot;isLinked&quot;:true},&quot;she_padding_tablet&quot;:{&quot;unit&quot;:&quot;px&quot;,&quot;top&quot;:&quot;&quot;,&quot;right&quot;:&quot;&quot;,&quot;bottom&quot;:&quot;&quot;,&quot;left&quot;:&quot;&quot;,&quot;isLinked&quot;:true},&quot;she_padding_mobile&quot;:{&quot;unit&quot;:&quot;px&quot;,&quot;top&quot;:&quot;&quot;,&quot;right&quot;:&quot;&quot;,&quot;bottom&quot;:&quot;&quot;,&quot;left&quot;:&quot;&quot;,&quot;isLinked&quot;:true}}\">\n\t\t\t\t\t\t\t<div class=\"elementor-background-overlay\"><\/div>\n\t\t\t\t\t\t\t<div class=\"elementor-container elementor-column-gap-default\">\n\t\t\t\t\t<div class=\"elementor-column elementor-col-50 elementor-top-column elementor-element elementor-element-ac9c3bc\" data-id=\"ac9c3bc\" data-element_type=\"column\">\n\t\t\t<div class=\"elementor-widget-wrap elementor-element-populated\">\n\t\t\t\t\t\t<div class=\"elementor-element elementor-element-e4c8256 elementor-widget elementor-widget-image\" data-id=\"e4c8256\" data-element_type=\"widget\" data-widget_type=\"image.default\">\n\t\t\t\t<div class=\"elementor-widget-container\">\n\t\t\t\t\t\t\t\t\t\t\t\t\t\t\t<img fetchpriority=\"high\" decoding=\"async\" width=\"1024\" height=\"1024\" src=\"https:\/\/vector-design.ro\/wp-content\/uploads\/2024\/03\/VECTOR-LOGO-VECTORIZAT-alb--1024x1024.png\" class=\"attachment-large size-large wp-image-45\" alt=\"\" srcset=\"https:\/\/vector-design.ro\/wp-content\/uploads\/2024\/03\/VECTOR-LOGO-VECTORIZAT-alb--1024x1024.png 1024w, https:\/\/vector-design.ro\/wp-content\/uploads\/2024\/03\/VECTOR-LOGO-VECTORIZAT-alb--300x300.png 300w, https:\/\/vector-design.ro\/wp-content\/uploads\/2024\/03\/VECTOR-LOGO-VECTORIZAT-alb--150x150.png 150w, https:\/\/vector-design.ro\/wp-content\/uploads\/2024\/03\/VECTOR-LOGO-VECTORIZAT-alb--768x768.png 768w, https:\/\/vector-design.ro\/wp-content\/uploads\/2024\/03\/VECTOR-LOGO-VECTORIZAT-alb--1536x1536.png 1536w, https:\/\/vector-design.ro\/wp-content\/uploads\/2024\/03\/VECTOR-LOGO-VECTORIZAT-alb--2048x2048.png 2048w, https:\/\/vector-design.ro\/wp-content\/uploads\/2024\/03\/VECTOR-LOGO-VECTORIZAT-alb--600x600.png 600w\" sizes=\"(max-width: 1024px) 100vw, 1024px\" \/>\t\t\t\t\t\t\t\t\t\t\t\t\t\t\t<\/div>\n\t\t\t\t<\/div>\n\t\t\t\t\t<\/div>\n\t\t<\/div>\n\t\t\t\t<div class=\"elementor-column elementor-col-50 elementor-top-column elementor-element elementor-element-4266ca1\" data-id=\"4266ca1\" data-element_type=\"column\">\n\t\t\t<div class=\"elementor-widget-wrap elementor-element-populated\">\n\t\t\t\t\t\t<div class=\"elementor-element elementor-element-5b18d3f elementor-widget elementor-widget-ekit-nav-menu\" data-id=\"5b18d3f\" data-element_type=\"widget\" data-widget_type=\"ekit-nav-menu.default\">\n\t\t\t\t<div class=\"elementor-widget-container\">\n\t\t\t\t\t\t\t<nav class=\"ekit-wid-con ekit_menu_responsive_tablet\" \n\t\t\tdata-hamburger-icon=\"\" \n\t\t\tdata-hamburger-icon-type=\"icon\" \n\t\t\tdata-responsive-breakpoint=\"1024\">\n\t\t\t            <button class=\"elementskit-menu-hamburger elementskit-menu-toggler\"  type=\"button\" aria-label=\"hamburger-icon\">\n                                    <span class=\"elementskit-menu-hamburger-icon\"><\/span><span class=\"elementskit-menu-hamburger-icon\"><\/span><span class=\"elementskit-menu-hamburger-icon\"><\/span>\n                            <\/button>\n            <div id=\"ekit-megamenu-headermenu\" class=\"elementskit-menu-container elementskit-menu-offcanvas-elements elementskit-navbar-nav-default ekit-nav-menu-one-page-yes ekit-nav-dropdown-hover\"><ul id=\"menu-headermenu\" class=\"elementskit-navbar-nav elementskit-menu-po-right submenu-click-on-icon\"><li id=\"menu-item-360\" class=\"menu-item menu-item-type-post_type menu-item-object-page menu-item-home menu-item-360 nav-item elementskit-mobile-builder-content\" data-vertical-menu=750px><a href=\"https:\/\/vector-design.ro\/\" class=\"ekit-menu-nav-link\">Home<\/a><\/li>\n<li id=\"menu-item-357\" class=\"menu-item menu-item-type-post_type menu-item-object-page menu-item-357 nav-item elementskit-mobile-builder-content\" data-vertical-menu=750px><a href=\"https:\/\/vector-design.ro\/?page_id=133\" class=\"ekit-menu-nav-link\">Shop<\/a><\/li>\n<li id=\"menu-item-358\" class=\"menu-item menu-item-type-post_type menu-item-object-page menu-item-358 nav-item elementskit-mobile-builder-content\" data-vertical-menu=750px><a href=\"https:\/\/vector-design.ro\/?page_id=129\" class=\"ekit-menu-nav-link\">Blog<\/a><\/li>\n<li id=\"menu-item-1665\" class=\"menu-item menu-item-type-custom menu-item-object-custom menu-item-1665 nav-item elementskit-mobile-builder-content\" data-vertical-menu=750px><a href=\"#AboutUs\" class=\"ekit-menu-nav-link\">About us<\/a><\/li>\n<li id=\"menu-item-1672\" class=\"menu-item menu-item-type-custom menu-item-object-custom menu-item-1672 nav-item elementskit-mobile-builder-content\" data-vertical-menu=750px><a href=\"#Portofoliu\" class=\"ekit-menu-nav-link\">Portofoliu<\/a><\/li>\n<li id=\"menu-item-1684\" class=\"menu-item menu-item-type-custom menu-item-object-custom menu-item-1684 nav-item elementskit-mobile-builder-content\" data-vertical-menu=750px><a href=\"#Servicii\" class=\"ekit-menu-nav-link\">Servicii<\/a><\/li>\n<\/ul><div class=\"elementskit-nav-identity-panel\"><button class=\"elementskit-menu-close elementskit-menu-toggler\" type=\"button\">X<\/button><\/div><\/div>\t\t\t\n\t\t\t<div class=\"elementskit-menu-overlay elementskit-menu-offcanvas-elements elementskit-menu-toggler ekit-nav-menu--overlay\"><\/div>        <\/nav>\n\t\t\t\t\t\t<\/div>\n\t\t\t\t<\/div>\n\t\t\t\t\t<\/div>\n\t\t<\/div>\n\t\t\t\t\t<\/div>\n\t\t<\/section>\n\t\t\t\t<section class=\"elementor-section elementor-top-section elementor-element elementor-element-d824f8f elementor-section-full_width elementor-section-height-default elementor-section-height-default\" data-id=\"d824f8f\" data-element_type=\"section\">\n\t\t\t\t\t\t<div class=\"elementor-container elementor-column-gap-default\">\n\t\t\t\t\t<div class=\"elementor-column elementor-col-100 elementor-top-column elementor-element elementor-element-a0dfc61\" data-id=\"a0dfc61\" data-element_type=\"column\">\n\t\t\t<div class=\"elementor-widget-wrap elementor-element-populated\">\n\t\t\t\t\t\t<div class=\"elementor-element elementor-element-d74bff5 elementor-widget elementor-widget-prime-slider-pagepiling\" data-id=\"d74bff5\" data-element_type=\"widget\" data-widget_type=\"prime-slider-pagepiling.default\">\n\t\t\t\t<div class=\"elementor-widget-container\">\n\t\t\t\t\t\t\t<div class=\"bdt-pagepiling-slider\" data-settings=\"{&quot;scrollingSpeed&quot;:700,&quot;autoplay&quot;:false,&quot;autoplay_duration&quot;:1000,&quot;loopBottom&quot;:true,&quot;loopTop&quot;:true}\" id=\"bdt-d74bff5\">\n\n\t\t\t\t\t\t\t\t    \n\t\t\t\t<div class=\"section elementor-repeater-item-68d995f\" id=\"section-68d995f\" style=\"background-image: url('https:\/\/vector-design.ro\/wp-content\/uploads\/2024\/03\/organic-2.jpg');\">\n\n\t\t\t\t\t\t\t<div class=\"bdt-prime-slider-content\">\n\t\t\t<div data-bdt-slideshow-parallax=\"y: 150,0,-100; opacity: 1,1,0\">\n\t\t\t\t\t\t\t<\/div>\n\n\t\t\t\t\t\t\t<div class=\"bdt-sub-title\">\n\t\t\t\t\t<h4 class=\"bdt-sub-title-tag\" data-bdt-slideshow-parallax=\"y: 50,0,-50; opacity: 1,1,0\">\n\t\t\t\t\t\tVECTOR DESIGN \t\t\t\t\t<\/h4>\n\t\t\t\t<\/div>\n\t\t\t\n\t\t\t\t\t\t\t<div class=\"bdt-main-title\">\n\t\t\t\t\t<h1 class=\"bdt-title-tag\"  data-bdt-slideshow-parallax=\"y: 50,0,-50; opacity: 1,1,0\">\n\t\t\t\t\t\t\t\t\t\t\t\t\t<span class=\"frist-word\">VECTOR<\/span> SHOP\t\t\t\t\t\t\t\t\t\t\t\t<\/h1>\n\t\t\t\t<\/div>\n\t\t\t\n\t\t\t\t\t\t\t<div class=\"bdt-slider-excerpt\" data-bdt-slideshow-parallax=\"y: 100,0,-80; opacity: 1,1,0\">\n\t\t\t\t\t<p>Bun venit \u00een lumea noastr\u0103 creativ\u0103! Exploreaz\u0103 articolele noastre din blog pentru a g\u0103si inspira\u021bie, sfaturi \u0219i tendin\u021be actuale \u00een designul interior \u0219i arhitectur\u0103. Fie c\u0103 v\u0103 intereseaz\u0103 idei de amenajare, ghiduri practice sau povestiri despre proiectele noastre, ve\u021bi g\u0103si tot ce ave\u021bi nevoie pentru a v\u0103 transforma casa \u00eentr-un spa\u021biu de vis. Nu uita\u021bi s\u0103 v\u0103 abona\u021bi la newsletter-ul nostru pentru a fi la curent cu cele mai noi post\u0103ri \u0219i evenimente speciale!<\/p>\t\t\t\t<\/div>\n\t\t\t\n\t\t\t<div data-bdt-slideshow-parallax=\"y: 150,0,-100; opacity: 1,1,0\">\n\t\t\t\t\n\t\t\t\t\t<\/div>\n\t\t<\/div>\n\n        \n\t\t\t\t\t<div class=\"bdt-ps-overlay\"><\/div>\n\t\t\t\t<\/div>\n\n\t\t\t\n\t\t\t\n\t\t<\/div>\n\t\t\t\t\t\t<\/div>\n\t\t\t\t<\/div>\n\t\t\t\t\t<\/div>\n\t\t<\/div>\n\t\t\t\t\t<\/div>\n\t\t<\/section>\n\t\t\t\t<\/div>\n\t\t","protected":false},"excerpt":{"rendered":"<p>Home Shop Blog About us Portofoliu Servicii X VECTOR DESIGN VECTOR SHOP Bun venit \u00een lumea noastr\u0103 creativ\u0103! Exploreaz\u0103 articolele noastre din blog pentru a g\u0103si inspira\u021bie, sfaturi \u0219i tendin\u021be actuale \u00een designul interior \u0219i arhitectur\u0103. Fie c\u0103 v\u0103 intereseaz\u0103 idei de amenajare, ghiduri practice sau povestiri despre proiectele noastre, ve\u021bi g\u0103si tot ce ave\u021bi [&hellip;]<\/p>\n","protected":false},"author":1,"featured_media":0,"parent":0,"menu_order":0,"comment_status":"closed","ping_status":"closed","template":"elementor_header_footer","meta":{"footnotes":""},"aioseo_notices":[],"_links":{"self":[{"href":"https:\/\/vector-design.ro\/index.php?rest_route=\/wp\/v2\/pages\/133"}],"collection":[{"href":"https:\/\/vector-design.ro\/index.php?rest_route=\/wp\/v2\/pages"}],"about":[{"href":"https:\/\/vector-design.ro\/index.php?rest_route=\/wp\/v2\/types\/page"}],"author":[{"embeddable":true,"href":"https:\/\/vector-design.ro\/index.php?rest_route=\/wp\/v2\/users\/1"}],"replies":[{"embeddable":true,"href":"https:\/\/vector-design.ro\/index.php?rest_route=%2Fwp%2Fv2%2Fcomments&post=133"}],"version-history":[{"count":16,"href":"https:\/\/vector-design.ro\/index.php?rest_route=\/wp\/v2\/pages\/133\/revisions"}],"predecessor-version":[{"id":1763,"href":"https:\/\/vector-design.ro\/index.php?rest_route=\/wp\/v2\/pages\/133\/revisions\/1763"}],"wp:attachment":[{"href":"https:\/\/vector-design.ro\/index.php?rest_route=%2Fwp%2Fv2%2Fmedia&parent=133"}],"curies":[{"name":"wp","href":"https:\/\/api.w.org\/{rel}","templated":true}]}}